{"id":4716,"date":"2023-04-08T18:16:25","date_gmt":"2023-04-08T16:16:25","guid":{"rendered":"https:\/\/ainachallenge.cat\/lab\/concurs\/?page_id=4716"},"modified":"2025-12-04T14:18:08","modified_gmt":"2025-12-04T12:18:08","slug":"desarrollar-servicios-y-o-aplicaciones-de-ia-tl-en-catalan","status":"publish","type":"page","link":"https:\/\/ainachallenge.cat\/lab\/concurs\/desarrollar-servicios-y-o-aplicaciones-de-ia-tl-en-catalan\/","title":{"rendered":"El &#8220;beta testing&#8221; y desarrollo de demostradores (mediante el uso de Aina Kit) de servicios o aplicaciones de IA\/TL en catal\u00e1n."},"content":{"rendered":"\t\t<div data-elementor-type=\"wp-page\" data-elementor-id=\"4716\" class=\"elementor elementor-4716\" data-elementor-post-type=\"page\">\n\t\t\t\t\t\t<section class=\"elementor-section elementor-top-section elementor-element elementor-element-eaff06e elementor-section-boxed elementor-section-height-default elementor-section-height-default\" data-id=\"eaff06e\" data-element_type=\"section\" data-settings=\"{&quot;background_background&quot;:&quot;classic&quot;}\">\n\t\t\t\t\t\t<div class=\"elementor-container elementor-column-gap-default\">\n\t\t\t\t\t<div class=\"elementor-column elementor-col-50 elementor-top-column elementor-element elementor-element-ba20187\" data-id=\"ba20187\" data-element_type=\"column\">\n\t\t\t<div class=\"elementor-widget-wrap elementor-element-populated\">\n\t\t\t\t\t\t<div class=\"elementor-element elementor-element-c8be17b elementor-hidden-desktop elementor-hidden-tablet elementor-widget elementor-widget-heading\" data-id=\"c8be17b\" data-element_type=\"widget\" data-widget_type=\"heading.default\">\n\t\t\t\t<div class=\"elementor-widget-container\">\n\t\t\t\t\t<span class=\"elementor-heading-title elementor-size-default\">Reto #1<\/span>\t\t\t\t<\/div>\n\t\t\t\t<\/div>\n\t\t\t\t<div class=\"elementor-element elementor-element-1fbd20f elementor-hidden-mobile elementor-widget elementor-widget-heading\" data-id=\"1fbd20f\" data-element_type=\"widget\" data-widget_type=\"heading.default\">\n\t\t\t\t<div class=\"elementor-widget-container\">\n\t\t\t\t\t<span class=\"elementor-heading-title elementor-size-default\">Reto<\/span>\t\t\t\t<\/div>\n\t\t\t\t<\/div>\n\t\t\t\t<div class=\"elementor-element elementor-element-82fad0d elementor-hidden-mobile elementor-widget elementor-widget-heading\" data-id=\"82fad0d\" data-element_type=\"widget\" data-widget_type=\"heading.default\">\n\t\t\t\t<div class=\"elementor-widget-container\">\n\t\t\t\t\t<span class=\"elementor-heading-title elementor-size-default\">#1<\/span>\t\t\t\t<\/div>\n\t\t\t\t<\/div>\n\t\t\t\t\t<\/div>\n\t\t<\/div>\n\t\t\t\t<div class=\"elementor-column elementor-col-50 elementor-top-column elementor-element elementor-element-dbfa9bf\" data-id=\"dbfa9bf\" data-element_type=\"column\">\n\t\t\t<div class=\"elementor-widget-wrap elementor-element-populated\">\n\t\t\t\t\t\t<div class=\"elementor-element elementor-element-97cabcb elementor-widget elementor-widget-heading\" data-id=\"97cabcb\" data-element_type=\"widget\" data-widget_type=\"heading.default\">\n\t\t\t\t<div class=\"elementor-widget-container\">\n\t\t\t\t\t<h1 class=\"elementor-heading-title elementor-size-default\">El &#8220;beta testing&#8221; y desarrollo de demostradores (mediante el uso de Aina Kit) de servicios o aplicaciones de IA\/TL en catal\u00e1n.<\/h1>\t\t\t\t<\/div>\n\t\t\t\t<\/div>\n\t\t\t\t<div class=\"elementor-element elementor-element-0169ff1 elementor-widget elementor-widget-heading\" data-id=\"0169ff1\" data-element_type=\"widget\" data-widget_type=\"heading.default\">\n\t\t\t\t<div class=\"elementor-widget-container\">\n\t\t\t\t\t<span class=\"elementor-heading-title elementor-size-default\">Dotaci\u00f3n econ\u00f3mica: 50.000 \u20ac por cada propuesta aceptada.\n<br>N\u00famero m\u00e1ximo de concursantes: 16<\/span>\t\t\t\t<\/div>\n\t\t\t\t<\/div>\n\t\t\t\t<div class=\"elementor-element elementor-element-2bd8d78 elementor-widget elementor-widget-text-editor\" data-id=\"2bd8d78\" data-element_type=\"widget\" data-widget_type=\"text-editor.default\">\n\t\t\t\t<div class=\"elementor-widget-container\">\n\t\t\t\t\t\t\t\t\t<p>Buscamos ideas para Beta testing y el desarrollo de demostradores (mediante el uso de Aina Kit) de servicios o aplicaciones de IA\/TL en catal\u00e1n.<\/p>\n<p>Ser\u00e1n elegibles aquellas propuestas de demostradores que presenten soluciones a partir de aplicaciones existentes que ya dispongan de una opci\u00f3n de catal\u00e1n habilitada mediante alguna otra soluci\u00f3n de IA\/TL o bien aplicaciones existentes que no disponen de soporte para el catal\u00e1n. Tambi\u00e9n son elegibles ideas para demostradores sin un desarrollo preexistente. En cualquiera de los supuestos, el demostrador deber\u00e1 ser operativo en un plazo m\u00e1ximo de 6 meses desde la firma del contrato.<\/p>\n<p>El Beta testing y el desarrollo del demostrador se centrar\u00e1n en la evaluaci\u00f3n del proceso de incorporaci\u00f3n de los recursos de Aina Kit como parte de la soluci\u00f3n, la comparativa de los resultados respecto de otras opciones y la identificaci\u00f3n de problemas en los recursos tecnol\u00f3gicos proporcionados, en su integraci\u00f3n en entornos reales (infraestructura de inferencia, integraci\u00f3n con datos, etc.) y\/o en la documentaci\u00f3n y el soporte proporcionados. Las propuestas tienen libertad para ampliar estos \u00e1mbitos b\u00e1sicos y proponer todo lo que consideren relevante para el Beta testing y desarrollo de demostradores (mediante el uso de Aina Kit) de servicios o aplicaciones de IA\/TL en catal\u00e1n.<\/p>\n<p><span style=\"background-color: var( --e-global-color-primary );\">Debido a la naturaleza de la IA como tecnolog\u00eda de utilidad general, el reto no se limita a ning\u00fan campo de actividad espec\u00edfico. Esperamos que las propuestas aborden \u00e1reas como:<\/span><\/p>\n<p>Sistemas de gesti\u00f3n del conocimiento.<\/p>\n<p>Inteligencia de negocio.<\/p>\n<ul>\n<li>Sistemas conversacionales.<\/li>\n<li>Sistemas de an\u00e1lisis, clasificaci\u00f3n y filtrado.<\/li>\n<li>Sistemas de traducci\u00f3n y localizaci\u00f3n.<\/li>\n<li>Sistemas de b\u00fasqueda y resumen.<\/li>\n<li>Sistemas de asistencia.<\/li>\n<li>Sistemas de predicci\u00f3n.<\/li>\n<li>Sistemas de personalizaci\u00f3n masiva.<\/li>\n<li>Chat interactivo de ayuda en la atenci\u00f3n a usuarios\/as.<\/li>\n<\/ul>\n<p>Se valorar\u00e1 positivamente el impacto social de las propuestas, la capacidad para desarrollar el Beta testing y los demostradores en entornos con un volumen alto de usuarios finales y la capacidad de acceder a datos en calidad y cantidad suficientes, siempre cumpliendo estrictamente las normativas de protecci\u00f3n de datos vigentes.<\/p>\n<p>En este sentido, las propuestas pueden presentar, junto con la memoria t\u00e9cnica, un compromiso de colaboraci\u00f3n en el desarrollo del demostrador por parte de una empresa o entidad usuaria final, concretando y explicando la participaci\u00f3n de esta empresa.<\/p>\n<p>Se fomenta la creatividad y la innovaci\u00f3n en las actividades incluidas en el Beta testing, as\u00ed como en los \u00e1mbitos de desarrollo de demostradores que, mediante el uso de los recursos de Aina Kit, ejemplifiquen la presencia y la utilidad del catal\u00e1n en el \u00e1mbito de la IA\/TL.<\/p>\t\t\t\t\t\t\t\t<\/div>\n\t\t\t\t<\/div>\n\t\t\t\t<div class=\"elementor-element elementor-element-da6112b elementor-widget elementor-widget-html\" data-id=\"da6112b\" data-element_type=\"widget\" data-widget_type=\"html.default\">\n\t\t\t\t<div class=\"elementor-widget-container\">\n\t\t\t\t\t<table border=\"1\" cellpadding=\"6\" cellspacing=\"0\">\r\n  <thead>\r\n    <tr>\r\n      <th>T\u00edtulo<\/th>\r\n      <th>Descripci\u00f3n<\/th>\r\n      <th>Empresa<\/th>\r\n    <\/tr>\r\n  <\/thead>\r\n  <tbody>\r\n    <tr>\r\n      <td>Aina Govtech<\/td>\r\n      <td>Herramienta para automatizar procesos administrativos en catal\u00e1n en la administraci\u00f3n local<\/td>\r\n      <td>Optimpeople SL<\/td>\r\n    <\/tr>\r\n    <tr>\r\n      <td>Alosa proposta veureu<\/td>\r\n      <td>Herramienta de IA para generar audiodescripciones en catal\u00e1n para personas ciegas<\/td>\r\n      <td>Tagsonomy, SL<\/td>\r\n    <\/tr>\r\n    <tr>\r\n      <td>Automatizacion de notas cl\u00ednicas con IA<\/td>\r\n      <td>Software para redactar notas cl\u00ednicas a partir de voz en el \u00e1mbito sanitario<\/td>\r\n      <td>Recog Analytics SL<\/td>\r\n    <\/tr>\r\n    <tr>\r\n      <td>Curritext<\/td>\r\n      <td>Sistema para anonimizar curr\u00edculums en catal\u00e1n en el \u00e1mbito de los recursos humanos<\/td>\r\n      <td>Factoria de Software eMultimedia, SL<\/td>\r\n    <\/tr>\r\n    <tr>\r\n      <td>Destinia<\/td>\r\n      <td>Asistente conversacional para el sector tur\u00edstico catal\u00e1n<\/td>\r\n      <td>One Million Bot SL<\/td>\r\n    <\/tr>\r\n    <tr>\r\n      <td>Herramienta para detectar sesgos y falacias l\u00f3gicas en la Red<\/td>\r\n      <td>Extensi\u00f3n para detectar sesgos y falacias en contenidos digitales en catal\u00e1n<\/td>\r\n      <td>Byfacility SL<\/td>\r\n    <\/tr>\r\n    <tr>\r\n      <td>Gic@Cat<\/td>\r\n      <td>Prueba piloto para validar modelos AINA en justicia y atenci\u00f3n ciudadana<\/td>\r\n      <td>Connecthink Innovation SL<\/td>\r\n    <\/tr>\r\n    <tr>\r\n      <td>Ia4kit_claria<\/td>\r\n      <td>Plataforma para analizar contratos de adhesi\u00f3n en catal\u00e1n en el \u00e1mbito jur\u00eddico<\/td>\r\n      <td>Asociacion para el desarrollo de la Ingenieria del Conocimiento<\/td>\r\n    <\/tr>\r\n    <tr>\r\n      <td>Impuls<\/td>\r\n      <td>Sistema para enriquecer sem\u00e1nticamente y buscar informaci\u00f3n de investigaci\u00f3n<\/td>\r\n      <td>Siris Academic SLU<\/td>\r\n    <\/tr>\r\n    <tr>\r\n      <td>Juris<\/td>\r\n      <td>Plataforma para crear chatbots internos en catal\u00e1n en entornos diversos<\/td>\r\n      <td>Solucions de Ci\u00e8ncia de Dades SL<\/td>\r\n    <\/tr>\r\n    <tr>\r\n      <td>Lightweight<\/td>\r\n      <td>Estudio sobre validaci\u00f3n automatizada de normativas en catal\u00e1n en el sector BIM<\/td>\r\n      <td>UTE Eipm-Mena-Taberner<\/td>\r\n    <\/tr>\r\n    <tr>\r\n      <td>Pacat - Plataforma de agents conversacionales con Aina Kit<\/td>\r\n      <td>Plataforma para crear agentes conversacionales personalizados en catal\u00e1n en el \u00e1mbito universitario<\/td>\r\n      <td>Fundaci\u00f3 URV<\/td>\r\n    <\/tr>\r\n    <tr>\r\n      <td>Plataina<\/td>\r\n      <td>Demostrador para evaluar modelos de traducci\u00f3n autom\u00e1tica en catal\u00e1n con recogida de feedback<\/td>\r\n      <td>Factoria de Software E Multimedia, SL<\/td>\r\n    <\/tr>\r\n    <tr>\r\n      <td>Subtitulado, Traducci\u00f3n y Doblaje Autom\u00e1\u00edtico en directo y en diferido en catal\u00e1n, castellano y aran\u00e9s<\/td>\r\n      <td>Soluci\u00f3n para transcribir y traducir videos en catal\u00e1n, castellano y aran\u00e9s tanto en directo como en diferido<\/td>\r\n      <td>Etiqmedia Soluciones Audiovisuales<\/td>\r\n    <\/tr>\r\n    <tr>\r\n      <td>Transap. Transcripci\u00f3n adaptada al habla no fluida<\/td>\r\n      <td>Plataforma de reconocimiento de habla adaptada a personas con discapacidad<\/td>\r\n      <td>Fundaci\u00f3 Bosch I Gimpera<\/td>\r\n    <\/tr>\r\n    <tr>\r\n      <td>Viucat. El Catal\u00e1n en vivo<\/td>\r\n      <td>Soluci\u00f3n para integrar Aina Kit en el doblaje audiovisual en catal\u00e1n<\/td>\r\n      <td>Amplify Software SL<\/td>\r\n    <\/tr>\r\n  <\/tbody>\r\n<\/table>\r\n\t\t\t\t<\/div>\n\t\t\t\t<\/div>\n\t\t\t\t<div class=\"elementor-element elementor-element-5ca3846 elementor-widget-divider--view-line elementor-widget elementor-widget-divider\" data-id=\"5ca3846\" data-element_type=\"widget\" data-widget_type=\"divider.default\">\n\t\t\t\t<div class=\"elementor-widget-container\">\n\t\t\t\t\t\t\t<div class=\"elementor-divider\">\n\t\t\t<span class=\"elementor-divider-separator\">\n\t\t\t\t\t\t<\/span>\n\t\t<\/div>\n\t\t\t\t\t\t<\/div>\n\t\t\t\t<\/div>\n\t\t\t\t<div class=\"elementor-element elementor-element-6c35e74 elementor-widget elementor-widget-spacer\" data-id=\"6c35e74\" data-element_type=\"widget\" data-widget_type=\"spacer.default\">\n\t\t\t\t<div class=\"elementor-widget-container\">\n\t\t\t\t\t\t\t<div class=\"elementor-spacer\">\n\t\t\t<div class=\"elementor-spacer-inner\"><\/div>\n\t\t<\/div>\n\t\t\t\t\t\t<\/div>\n\t\t\t\t<\/div>\n\t\t\t\t<section class=\"elementor-section elementor-inner-section elementor-element elementor-element-ff4c82d elementor-section-content-middle elementor-hidden-desktop elementor-hidden-tablet elementor-hidden-mobile elementor-section-boxed elementor-section-height-default elementor-section-height-default\" data-id=\"ff4c82d\" data-element_type=\"section\" data-settings=\"{&quot;background_background&quot;:&quot;classic&quot;}\">\n\t\t\t\t\t\t<div class=\"elementor-container elementor-column-gap-default\">\n\t\t\t\t\t<div class=\"elementor-column elementor-col-50 elementor-inner-column elementor-element elementor-element-0f676fd\" data-id=\"0f676fd\" data-element_type=\"column\">\n\t\t\t<div class=\"elementor-widget-wrap elementor-element-populated\">\n\t\t\t\t\t\t<div class=\"elementor-element elementor-element-4362e76 elementor-widget elementor-widget-heading\" data-id=\"4362e76\" data-element_type=\"widget\" data-widget_type=\"heading.default\">\n\t\t\t\t<div class=\"elementor-widget-container\">\n\t\t\t\t\t<h2 class=\"elementor-heading-title elementor-size-default\">\u00a1Convocatoria abierta!<\/h2>\t\t\t\t<\/div>\n\t\t\t\t<\/div>\n\t\t\t\t\t<\/div>\n\t\t<\/div>\n\t\t\t\t<div class=\"elementor-column elementor-col-50 elementor-inner-column elementor-element elementor-element-2b68450\" data-id=\"2b68450\" data-element_type=\"column\">\n\t\t\t<div class=\"elementor-widget-wrap\">\n\t\t\t\t\t\t\t<\/div>\n\t\t<\/div>\n\t\t\t\t\t<\/div>\n\t\t<\/section>\n\t\t\t\t\t<\/div>\n\t\t<\/div>\n\t\t\t\t\t<\/div>\n\t\t<\/section>\n\t\t\t\t<\/div>\n\t\t","protected":false},"excerpt":{"rendered":"<p>Reto #1 Reto #1 Dotaci\u00f3n econ\u00f3mica: 50.000 \u20ac por cada propuesta aceptada. N\u00famero m\u00e1ximo de concursantes: 16 Buscamos ideas para Beta testing y el desarrollo de demostradores (mediante el uso de Aina Kit) de servicios o aplicaciones de IA\/TL en catal\u00e1n. Ser\u00e1n elegibles aquellas propuestas de demostradores que presenten soluciones a partir de aplicaciones existentes [&hellip;]<\/p>\n","protected":false},"author":2,"featured_media":0,"parent":0,"menu_order":0,"comment_status":"closed","ping_status":"closed","template":"","meta":{"footnotes":""},"class_list":["post-4716","page","type-page","status-publish","hentry"],"_links":{"self":[{"href":"https:\/\/ainachallenge.cat\/lab\/concurs\/wp-json\/wp\/v2\/pages\/4716","targetHints":{"allow":["GET"]}}],"collection":[{"href":"https:\/\/ainachallenge.cat\/lab\/concurs\/wp-json\/wp\/v2\/pages"}],"about":[{"href":"https:\/\/ainachallenge.cat\/lab\/concurs\/wp-json\/wp\/v2\/types\/page"}],"author":[{"embeddable":true,"href":"https:\/\/ainachallenge.cat\/lab\/concurs\/wp-json\/wp\/v2\/users\/2"}],"replies":[{"embeddable":true,"href":"https:\/\/ainachallenge.cat\/lab\/concurs\/wp-json\/wp\/v2\/comments?post=4716"}],"version-history":[{"count":81,"href":"https:\/\/ainachallenge.cat\/lab\/concurs\/wp-json\/wp\/v2\/pages\/4716\/revisions"}],"predecessor-version":[{"id":8287,"href":"https:\/\/ainachallenge.cat\/lab\/concurs\/wp-json\/wp\/v2\/pages\/4716\/revisions\/8287"}],"wp:attachment":[{"href":"https:\/\/ainachallenge.cat\/lab\/concurs\/wp-json\/wp\/v2\/media?parent=4716"}],"curies":[{"name":"wp","href":"https:\/\/api.w.org\/{rel}","templated":true}]}}