{"id":5435,"date":"2024-01-10T17:38:50","date_gmt":"2024-01-10T15:38:50","guid":{"rendered":"https:\/\/ainachallenge.cat\/lab\/concurs\/?page_id=5435"},"modified":"2025-12-04T13:38:21","modified_gmt":"2025-12-04T11:38:21","slug":"el-beta-testing-i-desenvolupament-de-demostradors","status":"publish","type":"page","link":"https:\/\/ainachallenge.cat\/lab\/concurs\/el-beta-testing-i-desenvolupament-de-demostradors\/","title":{"rendered":"El &#8220;beta testing&#8221; i desenvolupament de demostradors (mitjan\u00e7ant l&#8217;\u00fas d&#8217;Aina Kit) de serveis o aplicacions de IA\/TL en catal\u00e0."},"content":{"rendered":"\t\t<div data-elementor-type=\"wp-page\" data-elementor-id=\"5435\" class=\"elementor elementor-5435\" data-elementor-post-type=\"page\">\n\t\t\t\t\t\t<section class=\"elementor-section elementor-top-section elementor-element elementor-element-eaff06e elementor-section-boxed elementor-section-height-default elementor-section-height-default\" data-id=\"eaff06e\" data-element_type=\"section\">\n\t\t\t\t\t\t<div class=\"elementor-container elementor-column-gap-default\">\n\t\t\t\t\t<div class=\"elementor-column elementor-col-50 elementor-top-column elementor-element elementor-element-ba20187\" data-id=\"ba20187\" data-element_type=\"column\">\n\t\t\t<div class=\"elementor-widget-wrap elementor-element-populated\">\n\t\t\t\t\t\t<div class=\"elementor-element elementor-element-c8be17b elementor-hidden-desktop elementor-hidden-tablet elementor-widget elementor-widget-heading\" data-id=\"c8be17b\" data-element_type=\"widget\" data-widget_type=\"heading.default\">\n\t\t\t\t<div class=\"elementor-widget-container\">\n\t\t\t\t\t<span class=\"elementor-heading-title elementor-size-default\">RePTE #1<\/span>\t\t\t\t<\/div>\n\t\t\t\t<\/div>\n\t\t\t\t<div class=\"elementor-element elementor-element-1fbd20f elementor-hidden-mobile elementor-widget elementor-widget-heading\" data-id=\"1fbd20f\" data-element_type=\"widget\" data-widget_type=\"heading.default\">\n\t\t\t\t<div class=\"elementor-widget-container\">\n\t\t\t\t\t<span class=\"elementor-heading-title elementor-size-default\">Repte<\/span>\t\t\t\t<\/div>\n\t\t\t\t<\/div>\n\t\t\t\t<div class=\"elementor-element elementor-element-82fad0d elementor-hidden-mobile elementor-widget elementor-widget-heading\" data-id=\"82fad0d\" data-element_type=\"widget\" data-widget_type=\"heading.default\">\n\t\t\t\t<div class=\"elementor-widget-container\">\n\t\t\t\t\t<span class=\"elementor-heading-title elementor-size-default\">#1<\/span>\t\t\t\t<\/div>\n\t\t\t\t<\/div>\n\t\t\t\t\t<\/div>\n\t\t<\/div>\n\t\t\t\t<div class=\"elementor-column elementor-col-50 elementor-top-column elementor-element elementor-element-dbfa9bf\" data-id=\"dbfa9bf\" data-element_type=\"column\">\n\t\t\t<div class=\"elementor-widget-wrap elementor-element-populated\">\n\t\t\t\t\t\t<div class=\"elementor-element elementor-element-97cabcb elementor-widget elementor-widget-heading\" data-id=\"97cabcb\" data-element_type=\"widget\" data-widget_type=\"heading.default\">\n\t\t\t\t<div class=\"elementor-widget-container\">\n\t\t\t\t\t<h1 class=\"elementor-heading-title elementor-size-default\">El &#8220;beta testing&#8221; i desenvolupament de demostradors (mitjan\u00e7ant l&#8217;\u00fas d&#8217;Aina Kit) de serveis o aplicacions de IA\/TL en catal\u00e0.<\/h1>\t\t\t\t<\/div>\n\t\t\t\t<\/div>\n\t\t\t\t<div class=\"elementor-element elementor-element-0169ff1 elementor-widget elementor-widget-heading\" data-id=\"0169ff1\" data-element_type=\"widget\" data-widget_type=\"heading.default\">\n\t\t\t\t<div class=\"elementor-widget-container\">\n\t\t\t\t\t<span class=\"elementor-heading-title elementor-size-default\">Dotaci\u00f3 econ\u00f2mica: 50.000 \u20ac en per proposta acceptada. <\/br>\n\nNombre m\u00e0xim de concursants: 16<\/span>\t\t\t\t<\/div>\n\t\t\t\t<\/div>\n\t\t\t\t<div class=\"elementor-element elementor-element-2bd8d78 elementor-widget elementor-widget-text-editor\" data-id=\"2bd8d78\" data-element_type=\"widget\" data-widget_type=\"text-editor.default\">\n\t\t\t\t<div class=\"elementor-widget-container\">\n\t\t\t\t\t\t\t\t\t<p>Busquem idees per a Beta testing i el desenvolupament de demostradors (mitjan\u00e7ant l&#8217;\u00fas d&#8217;Aina Kit) de serveis o aplicacions d&#8217;IA\/TL en catal\u00e0.<\/p>\n<p>Seran elegibles aquelles propostes de demostradors que presentin solucions a partir d&#8217;aplicacions existents que ja disposin d&#8217;una opci\u00f3 de catal\u00e0 habilitada mitjan\u00e7ant alguna altra soluci\u00f3 d&#8217;IA\/TL o b\u00e9 aplicacions existents que no disposen de suport per al catal\u00e0. Tamb\u00e9 s\u00f3n elegibles idees per a demostradors sense un desenvolupament preexistent. En qualsevol dels sup\u00f2sits, el demostrador haur\u00e0 d&#8217;estar operatiu en un termini m\u00e0xim de 6 mesos des de la signatura del contracte.<\/p>\n<p>El Beta testing i el desenvolupament del demostrador se centrar\u00e0 en l&#8217;avaluaci\u00f3 del proc\u00e9s d&#8217;incorporaci\u00f3 dels recursos d&#8217;Aina Kit com a part de la soluci\u00f3, la comparativa dels resultats respecte d&#8217;altres opcions i la identificaci\u00f3 de problemes en els recursos tecnol\u00f2gics proporcionats, en la seva integraci\u00f3 en entorns reals (infraestructura d&#8217;infer\u00e8ncia, integraci\u00f3 amb dades, etc.) i\/o en la documentaci\u00f3 i el suport proporcionats. Les propostes tenen llibertat per ampliar aquests \u00e0mbits b\u00e0sics i proposar tot all\u00f2 que considerin rellevant per al Beta testing i desenvolupament de demostradors (mitjan\u00e7ant l&#8217;\u00fas d&#8217;Aina Kit) de serveis o aplicacions d&#8217;IA\/TL en catal\u00e0.<\/p>\n<p>A causa de la naturalesa de la IA com a tecnologia d&#8217;utilitat general, el repte no es limita a cap camp d&#8217;activitat espec\u00edfic. Esperem que les propostes abordin \u00e0rees com:<\/p>\n<ul>\n<li aria-level=\"1\">Sistemes de gesti\u00f3 del coneixement.<\/li>\n<\/ul>\n<ul>\n<li aria-level=\"1\">Intel\u00b7lig\u00e8ncia de negoci.<\/li>\n<\/ul>\n<ul>\n<li aria-level=\"1\">Sistemes conversacionals.<\/li>\n<\/ul>\n<ul>\n<li aria-level=\"1\">Sistemes d&#8217;an\u00e0lisi, classificaci\u00f3 i filtratge.<\/li>\n<\/ul>\n<ul>\n<li aria-level=\"1\">Sistemes de traducci\u00f3 i localitzaci\u00f3.<\/li>\n<\/ul>\n<ul>\n<li aria-level=\"1\">Sistemes de cerca i resum.<\/li>\n<\/ul>\n<ul>\n<li aria-level=\"1\">Sistemes d&#8217;assist\u00e8ncia.<\/li>\n<\/ul>\n<ul>\n<li aria-level=\"1\">Sistemes de predicci\u00f3.<\/li>\n<\/ul>\n<ul>\n<li aria-level=\"1\">Sistemes de personalitzaci\u00f3 massiva.<\/li>\n<\/ul>\n<ul>\n<li aria-level=\"1\">Xat interactiu d&#8217;ajuda en l&#8217;atenci\u00f3 a usuaris\/es.<\/li>\n<\/ul>\n<p>Es valorar\u00e0 positivament l&#8217;impacte social de les propostes, la capacitat per desenvolupar el Beta testing i els demostradors en entorns amb un volum alt d&#8217;usuaris finals i la capacitat d&#8217;accedir a dades en qualitat i quantitat suficients, sempre complint estrictament les normatives de protecci\u00f3 de dades vigents.<\/p>\n<p>En aquest sentit, les propostes poden presentar, juntament amb la mem\u00f2ria t\u00e8cnica, un comprom\u00eds de col\u00b7laboraci\u00f3 en el desenvolupament del demostrador per part d&#8217;una empresa o entitat usu\u00e0ria final, concretant i explicant la participaci\u00f3 d&#8217;aquesta empresa.<\/p>\n<p>Es fomenta la creativitat i la innovaci\u00f3 en les activitats incloses en el Beta testing, aix\u00ed com en els \u00e0mbits de desenvolupament de demostradors que, mitjan\u00e7ant l&#8217;\u00fas dels recursos d&#8217;Aina Kit, exemplifiquin la pres\u00e8ncia i la utilitat del catal\u00e0 en l&#8217;\u00e0mbit de la IA\/TL.<\/p>\t\t\t\t\t\t\t\t<\/div>\n\t\t\t\t<\/div>\n\t\t\t\t<div class=\"elementor-element elementor-element-ece24ab elementor-widget elementor-widget-html\" data-id=\"ece24ab\" data-element_type=\"widget\" data-widget_type=\"html.default\">\n\t\t\t\t<div class=\"elementor-widget-container\">\n\t\t\t\t\t<table border=\"1\" cellpadding=\"6\" cellspacing=\"0\">\r\n  <thead>\r\n    <tr>\r\n      <th>T\u00edtol<\/th>\r\n      <th>Descripci\u00f3<\/th>\r\n      <th>Empresa<\/th>\r\n    <\/tr>\r\n  <\/thead>\r\n  <tbody>\r\n    <tr>\r\n      <td>Aina Govtech<\/td>\r\n      <td>Eina per automatitzar processos administratius en catal\u00e0 a l\u2019administraci\u00f3 local<\/td>\r\n      <td>Optimpeople SL<\/td>\r\n    <\/tr>\r\n    <tr>\r\n      <td>Alosa proposta veureu<\/td>\r\n      <td>Eina d\u2019IA per generar audiodescripcions en catal\u00e0 per a persones cegues<\/td>\r\n      <td>Tagsonomy, SL<\/td>\r\n    <\/tr>\r\n    <tr>\r\n      <td>Automatitzaci\u00f3 de notes cl\u00edniques amb IA<\/td>\r\n      <td>Programari per redactar notes cl\u00edniques a partir de veu en l\u2019\u00e0mbit sanitari<\/td>\r\n      <td>Recog Analytics SL<\/td>\r\n    <\/tr>\r\n    <tr>\r\n      <td>Curritext<\/td>\r\n      <td>Sistema per anonimitzar curr\u00edculums en catal\u00e0 en l\u2019\u00e0mbit dels recursos humans<\/td>\r\n      <td>Factoria de Software eMultimedia, SL<\/td>\r\n    <\/tr>\r\n    <tr>\r\n      <td>Destinia<\/td>\r\n      <td>Assistent conversacional per al sector tur\u00edstic catal\u00e0<\/td>\r\n      <td>One Million Bot SL<\/td>\r\n    <\/tr>\r\n    <tr>\r\n      <td>Eina per detectar biaixos i fal\u00e0cies l\u00f2giques a la Xarxa<\/td>\r\n      <td>Extensi\u00f3 per detectar biaixos i fal\u00b7l\u00e0cies en continguts digitals en catal\u00e0<\/td>\r\n      <td>Byfacility SL<\/td>\r\n    <\/tr>\r\n    <tr>\r\n      <td>Gic@Cat<\/td>\r\n      <td>Prova pilot per validar models AINA en just\u00edcia i atenci\u00f3 ciutadana<\/td>\r\n      <td>Connecthink Innovation SL<\/td>\r\n    <\/tr>\r\n    <tr>\r\n      <td>Ia4kit_claria<\/td>\r\n      <td>Plataforma per analitzar contractes d\u2019adhesi\u00f3 en catal\u00e0 en l\u2019\u00e0mbit jur\u00eddic<\/td>\r\n      <td>Asociacion para el desarrollo de la Ingenieria del Conocimiento<\/td>\r\n    <\/tr>\r\n    <tr>\r\n      <td>Impuls<\/td>\r\n      <td>Sistema per enriquir sem\u00e0nticament i cercar informaci\u00f3 de recerca<\/td>\r\n      <td>Siris Academic SLU<\/td>\r\n    <\/tr>\r\n    <tr>\r\n      <td>Juris<\/td>\r\n      <td>Plataforma per crear xatbots interns en catal\u00e0 en entorns diversos<\/td>\r\n      <td>Solucions de Ci\u00e8ncia de Dades SL<\/td>\r\n    <\/tr>\r\n    <tr>\r\n      <td>Lightweight<\/td>\r\n      <td>Estudi sobre validaci\u00f3 automatitzada de normatives en catal\u00e0 al sector BIM<\/td>\r\n      <td>UTE Eipm-Mena-Taberner<\/td>\r\n    <\/tr>\r\n    <tr>\r\n      <td>Pacat - Plataforma d'agents conversacionals amb Aina Kit<\/td>\r\n      <td>Plataforma per crear agents conversacionals personalitzats en catal\u00e0 en l'\u00e0mbit universitari<\/td>\r\n      <td>Fundaci\u00f3 URV<\/td>\r\n    <\/tr>\r\n    <tr>\r\n      <td>Plataina<\/td>\r\n      <td>Demostrador per avaluar models de traducci\u00f3 autom\u00e0tica en catal\u00e0 amb recollida de feedback<\/td>\r\n      <td>Factoria de Software E Multimedia, SL<\/td>\r\n    <\/tr>\r\n    <tr>\r\n      <td>Subtitulat, Traducci\u00f3 i Doblatgee Autom\u00e0\u00edtic en directei en diferit en catal\u00e0, castell\u00e0 i aran\u00e9s<\/td>\r\n      <td>Soluci\u00f3 per transcriure i traduir v\u00eddeos en catal\u00e0, castell\u00e0 i aran\u00e8s tant en directe com en diferit<\/td>\r\n      <td>Etiqmedia Soluciones Audiovisuales<\/td>\r\n    <\/tr>\r\n    <tr>\r\n      <td>Transap. Transcripci\u00f3 adaptada a la parla no fluida<\/td>\r\n      <td>Plataforma de reconeixement de parla adaptada a persones amb discapacitat<\/td>\r\n      <td>Fundaci\u00f3 Bosch I Gimpera<\/td>\r\n    <\/tr>\r\n    <tr>\r\n      <td>Viucat. El Catal\u00e1 en viu<\/td>\r\n      <td>Soluci\u00f3 per integrar Aina Kit en el doblatge audiovisual en catal\u00e0<\/td>\r\n      <td>Amplify Software SL<\/td>\r\n    <\/tr>\r\n  <\/tbody>\r\n<\/table>\r\n\t\t\t\t<\/div>\n\t\t\t\t<\/div>\n\t\t\t\t<div class=\"elementor-element elementor-element-5ca3846 elementor-widget-divider--view-line elementor-widget elementor-widget-divider\" data-id=\"5ca3846\" data-element_type=\"widget\" data-widget_type=\"divider.default\">\n\t\t\t\t<div class=\"elementor-widget-container\">\n\t\t\t\t\t\t\t<div class=\"elementor-divider\">\n\t\t\t<span class=\"elementor-divider-separator\">\n\t\t\t\t\t\t<\/span>\n\t\t<\/div>\n\t\t\t\t\t\t<\/div>\n\t\t\t\t<\/div>\n\t\t\t\t<div class=\"elementor-element elementor-element-37aa445 elementor-widget elementor-widget-spacer\" data-id=\"37aa445\" data-element_type=\"widget\" data-widget_type=\"spacer.default\">\n\t\t\t\t<div class=\"elementor-widget-container\">\n\t\t\t\t\t\t\t<div class=\"elementor-spacer\">\n\t\t\t<div class=\"elementor-spacer-inner\"><\/div>\n\t\t<\/div>\n\t\t\t\t\t\t<\/div>\n\t\t\t\t<\/div>\n\t\t\t\t<section class=\"elementor-section elementor-inner-section elementor-element elementor-element-ff4c82d elementor-section-content-middle elementor-hidden-desktop elementor-hidden-tablet elementor-hidden-mobile elementor-section-boxed elementor-section-height-default elementor-section-height-default\" data-id=\"ff4c82d\" data-element_type=\"section\" data-settings=\"{&quot;background_background&quot;:&quot;classic&quot;}\">\n\t\t\t\t\t\t<div class=\"elementor-container elementor-column-gap-default\">\n\t\t\t\t\t<div class=\"elementor-column elementor-col-50 elementor-inner-column elementor-element elementor-element-0f676fd\" data-id=\"0f676fd\" data-element_type=\"column\">\n\t\t\t<div class=\"elementor-widget-wrap elementor-element-populated\">\n\t\t\t\t\t\t<div class=\"elementor-element elementor-element-4362e76 elementor-widget elementor-widget-heading\" data-id=\"4362e76\" data-element_type=\"widget\" data-widget_type=\"heading.default\">\n\t\t\t\t<div class=\"elementor-widget-container\">\n\t\t\t\t\t<h2 class=\"elementor-heading-title elementor-size-default\">\u00a1Convocatoria abierta!<\/h2>\t\t\t\t<\/div>\n\t\t\t\t<\/div>\n\t\t\t\t\t<\/div>\n\t\t<\/div>\n\t\t\t\t<div class=\"elementor-column elementor-col-50 elementor-inner-column elementor-element elementor-element-2b68450\" data-id=\"2b68450\" data-element_type=\"column\">\n\t\t\t<div class=\"elementor-widget-wrap elementor-element-populated\">\n\t\t\t\t\t\t\t<\/div>\n\t\t<\/div>\n\t\t\t\t\t<\/div>\n\t\t<\/section>\n\t\t\t\t\t<\/div>\n\t\t<\/div>\n\t\t\t\t\t<\/div>\n\t\t<\/section>\n\t\t\t\t<\/div>\n\t\t","protected":false},"excerpt":{"rendered":"<p>RePTE #1 Repte #1 Dotaci\u00f3 econ\u00f2mica: 50.000 \u20ac en per proposta acceptada. Nombre m\u00e0xim de concursants: 16 Busquem idees per a Beta testing i el desenvolupament de demostradors (mitjan\u00e7ant l&#8217;\u00fas d&#8217;Aina Kit) de serveis o aplicacions d&#8217;IA\/TL en catal\u00e0. Seran elegibles aquelles propostes de demostradors que presentin solucions a partir d&#8217;aplicacions existents que ja disposin [&hellip;]<\/p>\n","protected":false},"author":2,"featured_media":0,"parent":0,"menu_order":0,"comment_status":"closed","ping_status":"closed","template":"","meta":{"footnotes":""},"class_list":["post-5435","page","type-page","status-publish","hentry"],"_links":{"self":[{"href":"https:\/\/ainachallenge.cat\/lab\/concurs\/wp-json\/wp\/v2\/pages\/5435","targetHints":{"allow":["GET"]}}],"collection":[{"href":"https:\/\/ainachallenge.cat\/lab\/concurs\/wp-json\/wp\/v2\/pages"}],"about":[{"href":"https:\/\/ainachallenge.cat\/lab\/concurs\/wp-json\/wp\/v2\/types\/page"}],"author":[{"embeddable":true,"href":"https:\/\/ainachallenge.cat\/lab\/concurs\/wp-json\/wp\/v2\/users\/2"}],"replies":[{"embeddable":true,"href":"https:\/\/ainachallenge.cat\/lab\/concurs\/wp-json\/wp\/v2\/comments?post=5435"}],"version-history":[{"count":49,"href":"https:\/\/ainachallenge.cat\/lab\/concurs\/wp-json\/wp\/v2\/pages\/5435\/revisions"}],"predecessor-version":[{"id":8254,"href":"https:\/\/ainachallenge.cat\/lab\/concurs\/wp-json\/wp\/v2\/pages\/5435\/revisions\/8254"}],"wp:attachment":[{"href":"https:\/\/ainachallenge.cat\/lab\/concurs\/wp-json\/wp\/v2\/media?parent=5435"}],"curies":[{"name":"wp","href":"https:\/\/api.w.org\/{rel}","templated":true}]}}