{"id":5445,"date":"2024-01-10T17:47:56","date_gmt":"2024-01-10T15:47:56","guid":{"rendered":"https:\/\/ainachallenge.cat\/lab\/concurs\/?page_id=5445"},"modified":"2025-12-04T13:39:06","modified_gmt":"2025-12-04T11:39:06","slug":"el-beta-testing-i-desenvolupament-de-demostradors-mitjancant-lus-daina-kit-de-sistemes-per-al-monitoratge-control-i-o-alineacio-en-lus-dels-models-i-aplicacions-de-ia-tl-en-catala","status":"publish","type":"page","link":"https:\/\/ainachallenge.cat\/lab\/concurs\/el-beta-testing-i-desenvolupament-de-demostradors-mitjancant-lus-daina-kit-de-sistemes-per-al-monitoratge-control-i-o-alineacio-en-lus-dels-models-i-aplicacions-de-ia-tl-en-catala\/","title":{"rendered":"El &#8220;beta testing&#8221; i desenvolupament de demostradors (mitjan\u00e7ant l&#8217;\u00fas d&#8217;Aina Kit) de sistemes per al monitoratge, control i\/o alineaci\u00f3 en l&#8217;\u00fas dels models i aplicacions de IA\/TL en catal\u00e0."},"content":{"rendered":"\t\t<div data-elementor-type=\"wp-page\" data-elementor-id=\"5445\" class=\"elementor elementor-5445\" data-elementor-post-type=\"page\">\n\t\t\t\t\t\t<section class=\"elementor-section elementor-top-section elementor-element elementor-element-eaff06e elementor-section-boxed elementor-section-height-default elementor-section-height-default\" data-id=\"eaff06e\" data-element_type=\"section\">\n\t\t\t\t\t\t<div class=\"elementor-container elementor-column-gap-default\">\n\t\t\t\t\t<div class=\"elementor-column elementor-col-50 elementor-top-column elementor-element elementor-element-ba20187\" data-id=\"ba20187\" data-element_type=\"column\">\n\t\t\t<div class=\"elementor-widget-wrap elementor-element-populated\">\n\t\t\t\t\t\t<div class=\"elementor-element elementor-element-c8be17b elementor-hidden-desktop elementor-hidden-tablet elementor-widget elementor-widget-heading\" data-id=\"c8be17b\" data-element_type=\"widget\" data-widget_type=\"heading.default\">\n\t\t\t\t<div class=\"elementor-widget-container\">\n\t\t\t\t\t<span class=\"elementor-heading-title elementor-size-default\">RePTE #2<\/span>\t\t\t\t<\/div>\n\t\t\t\t<\/div>\n\t\t\t\t<div class=\"elementor-element elementor-element-1fbd20f elementor-hidden-mobile elementor-widget elementor-widget-heading\" data-id=\"1fbd20f\" data-element_type=\"widget\" data-widget_type=\"heading.default\">\n\t\t\t\t<div class=\"elementor-widget-container\">\n\t\t\t\t\t<span class=\"elementor-heading-title elementor-size-default\">Repte<\/span>\t\t\t\t<\/div>\n\t\t\t\t<\/div>\n\t\t\t\t<div class=\"elementor-element elementor-element-82fad0d elementor-hidden-mobile elementor-widget elementor-widget-heading\" data-id=\"82fad0d\" data-element_type=\"widget\" data-widget_type=\"heading.default\">\n\t\t\t\t<div class=\"elementor-widget-container\">\n\t\t\t\t\t<span class=\"elementor-heading-title elementor-size-default\">#2<\/span>\t\t\t\t<\/div>\n\t\t\t\t<\/div>\n\t\t\t\t\t<\/div>\n\t\t<\/div>\n\t\t\t\t<div class=\"elementor-column elementor-col-50 elementor-top-column elementor-element elementor-element-dbfa9bf\" data-id=\"dbfa9bf\" data-element_type=\"column\">\n\t\t\t<div class=\"elementor-widget-wrap elementor-element-populated\">\n\t\t\t\t\t\t<div class=\"elementor-element elementor-element-97cabcb elementor-widget elementor-widget-heading\" data-id=\"97cabcb\" data-element_type=\"widget\" data-widget_type=\"heading.default\">\n\t\t\t\t<div class=\"elementor-widget-container\">\n\t\t\t\t\t<h1 class=\"elementor-heading-title elementor-size-default\">El &#8220;beta testing&#8221; i desenvolupament de demostradors (mitjan\u00e7ant l&#8217;\u00fas d&#8217;Aina Kit) de sistemes per al monitoratge, control i\/o alineaci\u00f3 en l&#8217;\u00fas dels models i aplicacions de IA\/TL en catal\u00e0.<\/h1>\t\t\t\t<\/div>\n\t\t\t\t<\/div>\n\t\t\t\t<div class=\"elementor-element elementor-element-0169ff1 elementor-widget elementor-widget-heading\" data-id=\"0169ff1\" data-element_type=\"widget\" data-widget_type=\"heading.default\">\n\t\t\t\t<div class=\"elementor-widget-container\">\n\t\t\t\t\t<span class=\"elementor-heading-title elementor-size-default\">Dotaci\u00f3 econ\u00f2mica: 33.000 \u20ac per proposta acceptada.<br>\nNombre m\u00e0xim de concursants: 3<\/span>\t\t\t\t<\/div>\n\t\t\t\t<\/div>\n\t\t\t\t<div class=\"elementor-element elementor-element-2bd8d78 elementor-widget elementor-widget-text-editor\" data-id=\"2bd8d78\" data-element_type=\"widget\" data-widget_type=\"text-editor.default\">\n\t\t\t\t<div class=\"elementor-widget-container\">\n\t\t\t\t\t\t\t\t\t<p>Busquem idees per al Beta testing i desenvolupament de demostradors (mitjan\u00e7ant l&#8217;\u00fas d&#8217;Aina Kit) de sistemes per a la monitoratge, control i alineament en l&#8217;\u00fas dels models i\/o aplicacions d&#8217;IA\/TL en catal\u00e0.<\/p>\n<p>Seran elegibles aquelles propostes de demostradors que presentin solucions a partir de sistemes existents per\u00f2 que no hagin fet \u00fas d&#8217;Aina Kit, aix\u00ed com propostes per a demostradors sense un sistema preexistent, sempre que siguin operatius en un termini m\u00e0xim de 6 mesos des de la signatura del contracte.<\/p>\n<p>El Beta testing i el desenvolupament del demostrador se centrar\u00e0 en l&#8217;avaluaci\u00f3 del proc\u00e9s de realitzar la monitoratge , control i\/o alineament en l&#8217;\u00fas dels models i aplicacions centrats en els recursos d&#8217;Aina Kit com a part de la soluci\u00f3, la comparativa dels resultats respecte d&#8217;altres opcions i la identificaci\u00f3 de problemes en els recursos tecnol\u00f2gics proporcionats, en la seva integraci\u00f3 en entorns reals (infraestructura d&#8217;infer\u00e8ncia, integraci\u00f3 amb dades, etc.) i\/o en la documentaci\u00f3 i el suport proporcionats.<\/p>\n<p>Les propostes tenen llibertat per ampliar aquests \u00e0mbits b\u00e0sics i proposar all\u00f2 que considerin rellevant per al Beta testing i desenvolupament de demostradors (mitjan\u00e7ant l&#8217;\u00fas d&#8217;Aina Kit) de sistemes per a la monitoratge, control i\/o alineament en l&#8217;\u00fas dels models i aplicacions d&#8217;IA\/TL en catal\u00e0.<\/p>\n<p>Algunes idees que poden encaixar en el Beta testing i els demostradors d&#8217;aquest repte s\u00f3n:<\/p>\n<ul>\n<li><span style=\"background-color: transparent;\">Sistemes de governan\u00e7a de la IA\/TL en catal\u00e0 en el marc d&#8217;una organitzaci\u00f3 (p. ex.: en relaci\u00f3 amb els valors de l&#8217;organitzaci\u00f3, el tipus de llenguatge i to comunicatiu, les restriccions legals del sector, etc.).<\/span><\/li>\n<li>Sistemes per identificar i mitigar instruccions malicioses, dades sensibles, respostes t\u00f2xiques i\/o esbiaixades, al\u00b7lucinacions, prevenci\u00f3 d&#8217;intents d&#8217;evasi\u00f3 de restriccions, etc.<\/li>\n<li>Sistemes que permetin una IA interpretable i explicable.<\/li>\n<li>Sistemes per al compliment de les normatives d&#8217;IA\/TL aplicables.<\/li>\n<li>Desenvolupament d&#8217;entorns de sandboxing que donin suport a la IA\/TL en catal\u00e0.<\/li>\n<li>Mecanismes de ciberseguretat per al desplegament de la IA\/TL en catal\u00e0.<\/li>\n<\/ul>\n<p>Es valorar\u00e0 positivament l&#8217;impacte social de les propostes, la capacitat per desenvolupar el Beta testing i els demostradors en entorns amb un volum alt d&#8217;usuaris finals i la capacitat d&#8217;accedir a dades en qualitat i quantitat suficients, sempre complint estrictament les normatives de protecci\u00f3 de dades vigents.<\/p>\n<p>En aquest sentit, les propostes podran presentar, juntament amb la mem\u00f2ria t\u00e8cnica, un comprom\u00eds de col\u00b7laboraci\u00f3 en el desenvolupament del demostrador per part d&#8217;una empresa o entitat usu\u00e0ria final, concretant i explicant la participaci\u00f3 d&#8217;aquesta empresa.<\/p>\n<p>Es fomenta la creativitat i la innovaci\u00f3 en les activitats incloses en el Beta testing, aix\u00ed com en els \u00e0mbits de desenvolupament de demostradors que, mitjan\u00e7ant l&#8217;\u00fas dels recursos d&#8217;Aina Kit, exemplifiquin la monitoratge, control i\/o alineament en l&#8217;\u00fas dels models i aplicacions d&#8217;IA\/TL que incorporin el catal\u00e0.<\/p>\t\t\t\t\t\t\t\t<\/div>\n\t\t\t\t<\/div>\n\t\t\t\t<div class=\"elementor-element elementor-element-7be62f9 elementor-widget__width-initial elementor-widget elementor-widget-text-editor\" data-id=\"7be62f9\" data-element_type=\"widget\" data-widget_type=\"text-editor.default\">\n\t\t\t\t<div class=\"elementor-widget-container\">\n\t\t\t\t\t\t\t\t\t<p>Crear propuesta de sistemas para la monitorizaci\u00f3n, control y\/o alineaci\u00f3n en el uso de los modelos y aplicaciones de IA\/TL en catal\u00e1n.<\/p>\t\t\t\t\t\t\t\t<\/div>\n\t\t\t\t<\/div>\n\t\t\t\t<div class=\"elementor-element elementor-element-ba778c5 elementor-widget elementor-widget-html\" data-id=\"ba778c5\" data-element_type=\"widget\" data-widget_type=\"html.default\">\n\t\t\t\t<div class=\"elementor-widget-container\">\n\t\t\t\t\t<table border=\"1\" cellpadding=\"6\" cellspacing=\"0\">\r\n  <thead>\r\n    <tr>\r\n      <th>T\u00edtol<\/th>\r\n      <th>Descripci\u00f3<\/th>\r\n      <th>Empresa<\/th>\r\n    <\/tr>\r\n  <\/thead>\r\n  <tbody>\r\n    <tr>\r\n      <td>Guardarrails avaluaci\u00f3 proposada_1<\/td>\r\n      <td>Sistema per monitoritzar riscos de fiabilitat en models de llenguatge en catal\u00e0<\/td>\r\n      <td>Alinia AI Europe SL<\/td>\r\n    <\/tr>\r\n    <tr>\r\n      <td>IA Sociosanitaria avaluaci\u00f3<\/td>\r\n      <td>Sistema per avaluar \u00e8ticament assistents virtuals en catal\u00e0<\/td>\r\n      <td>Kloosiv Housing SCCL<\/td>\r\n    <\/tr>\r\n    <tr>\r\n      <td>IA4KIT EquiCAT<\/td>\r\n      <td>Cat\u00e0leg de prompts per detectar biaixos en models d\u2019IA en catal\u00e0<\/td>\r\n      <td>Asociacion para el desarrollo de la Ingenier\u00eda del Conocimiento<\/td>\r\n    <\/tr>\r\n  <\/tbody>\r\n<\/table>\r\n\t\t\t\t<\/div>\n\t\t\t\t<\/div>\n\t\t\t\t<div class=\"elementor-element elementor-element-5ca3846 elementor-widget-divider--view-line elementor-widget elementor-widget-divider\" data-id=\"5ca3846\" data-element_type=\"widget\" data-widget_type=\"divider.default\">\n\t\t\t\t<div class=\"elementor-widget-container\">\n\t\t\t\t\t\t\t<div class=\"elementor-divider\">\n\t\t\t<span class=\"elementor-divider-separator\">\n\t\t\t\t\t\t<\/span>\n\t\t<\/div>\n\t\t\t\t\t\t<\/div>\n\t\t\t\t<\/div>\n\t\t\t\t<div class=\"elementor-element elementor-element-37aa445 elementor-widget elementor-widget-spacer\" data-id=\"37aa445\" data-element_type=\"widget\" data-widget_type=\"spacer.default\">\n\t\t\t\t<div class=\"elementor-widget-container\">\n\t\t\t\t\t\t\t<div class=\"elementor-spacer\">\n\t\t\t<div class=\"elementor-spacer-inner\"><\/div>\n\t\t<\/div>\n\t\t\t\t\t\t<\/div>\n\t\t\t\t<\/div>\n\t\t\t\t<section class=\"elementor-section elementor-inner-section elementor-element elementor-element-ff4c82d elementor-section-content-middle elementor-hidden-desktop elementor-hidden-tablet elementor-hidden-mobile elementor-section-boxed elementor-section-height-default elementor-section-height-default\" data-id=\"ff4c82d\" data-element_type=\"section\" data-settings=\"{&quot;background_background&quot;:&quot;classic&quot;}\">\n\t\t\t\t\t\t<div class=\"elementor-container elementor-column-gap-default\">\n\t\t\t\t\t<div class=\"elementor-column elementor-col-50 elementor-inner-column elementor-element elementor-element-0f676fd\" data-id=\"0f676fd\" data-element_type=\"column\">\n\t\t\t<div class=\"elementor-widget-wrap elementor-element-populated\">\n\t\t\t\t\t\t<div class=\"elementor-element elementor-element-4362e76 elementor-widget elementor-widget-heading\" data-id=\"4362e76\" data-element_type=\"widget\" data-widget_type=\"heading.default\">\n\t\t\t\t<div class=\"elementor-widget-container\">\n\t\t\t\t\t<h2 class=\"elementor-heading-title elementor-size-default\">\u00a1Convocatoria abierta!<\/h2>\t\t\t\t<\/div>\n\t\t\t\t<\/div>\n\t\t\t\t\t<\/div>\n\t\t<\/div>\n\t\t\t\t<div class=\"elementor-column elementor-col-50 elementor-inner-column elementor-element elementor-element-2b68450\" data-id=\"2b68450\" data-element_type=\"column\">\n\t\t\t<div class=\"elementor-widget-wrap elementor-element-populated\">\n\t\t\t\t\t\t\t<\/div>\n\t\t<\/div>\n\t\t\t\t\t<\/div>\n\t\t<\/section>\n\t\t\t\t\t<\/div>\n\t\t<\/div>\n\t\t\t\t\t<\/div>\n\t\t<\/section>\n\t\t\t\t<\/div>\n\t\t","protected":false},"excerpt":{"rendered":"<p>RePTE #2 Repte #2 Dotaci\u00f3 econ\u00f2mica: 33.000 \u20ac per proposta acceptada. Nombre m\u00e0xim de concursants: 3 Busquem idees per al Beta testing i desenvolupament de demostradors (mitjan\u00e7ant l&#8217;\u00fas d&#8217;Aina Kit) de sistemes per a la monitoratge, control i alineament en l&#8217;\u00fas dels models i\/o aplicacions d&#8217;IA\/TL en catal\u00e0. Seran elegibles aquelles propostes de demostradors que [&hellip;]<\/p>\n","protected":false},"author":2,"featured_media":0,"parent":0,"menu_order":0,"comment_status":"closed","ping_status":"closed","template":"","meta":{"footnotes":""},"class_list":["post-5445","page","type-page","status-publish","hentry"],"_links":{"self":[{"href":"https:\/\/ainachallenge.cat\/lab\/concurs\/wp-json\/wp\/v2\/pages\/5445","targetHints":{"allow":["GET"]}}],"collection":[{"href":"https:\/\/ainachallenge.cat\/lab\/concurs\/wp-json\/wp\/v2\/pages"}],"about":[{"href":"https:\/\/ainachallenge.cat\/lab\/concurs\/wp-json\/wp\/v2\/types\/page"}],"author":[{"embeddable":true,"href":"https:\/\/ainachallenge.cat\/lab\/concurs\/wp-json\/wp\/v2\/users\/2"}],"replies":[{"embeddable":true,"href":"https:\/\/ainachallenge.cat\/lab\/concurs\/wp-json\/wp\/v2\/comments?post=5445"}],"version-history":[{"count":53,"href":"https:\/\/ainachallenge.cat\/lab\/concurs\/wp-json\/wp\/v2\/pages\/5445\/revisions"}],"predecessor-version":[{"id":8257,"href":"https:\/\/ainachallenge.cat\/lab\/concurs\/wp-json\/wp\/v2\/pages\/5445\/revisions\/8257"}],"wp:attachment":[{"href":"https:\/\/ainachallenge.cat\/lab\/concurs\/wp-json\/wp\/v2\/media?parent=5445"}],"curies":[{"name":"wp","href":"https:\/\/api.w.org\/{rel}","templated":true}]}}