{"id":5454,"date":"2024-01-10T17:52:32","date_gmt":"2024-01-10T15:52:32","guid":{"rendered":"https:\/\/ainachallenge.cat\/lab\/concurs\/?page_id=5454"},"modified":"2025-12-04T13:40:12","modified_gmt":"2025-12-04T11:40:12","slug":"contribuir-a-construir-lecosistema-de-recursos-oberts-del-projecte-aina-per-a-ajudar-a-escalar-adaptar-i-fer-mes-robusta-la-ia-tl-en-catala","status":"publish","type":"page","link":"https:\/\/ainachallenge.cat\/lab\/concurs\/contribuir-a-construir-lecosistema-de-recursos-oberts-del-projecte-aina-per-a-ajudar-a-escalar-adaptar-i-fer-mes-robusta-la-ia-tl-en-catala\/","title":{"rendered":"Contribuir a construir l&#8217;ecosistema de recursos oberts del projecte Aina per a ajudar a escalar, adaptar i fer m\u00e9s robusta la IA\/TL en catal\u00e0."},"content":{"rendered":"\t\t<div data-elementor-type=\"wp-page\" data-elementor-id=\"5454\" class=\"elementor elementor-5454\" data-elementor-post-type=\"page\">\n\t\t\t\t\t\t<section class=\"elementor-section elementor-top-section elementor-element elementor-element-eaff06e elementor-section-boxed elementor-section-height-default elementor-section-height-default\" data-id=\"eaff06e\" data-element_type=\"section\">\n\t\t\t\t\t\t<div class=\"elementor-container elementor-column-gap-default\">\n\t\t\t\t\t<div class=\"elementor-column elementor-col-50 elementor-top-column elementor-element elementor-element-ba20187\" data-id=\"ba20187\" data-element_type=\"column\">\n\t\t\t<div class=\"elementor-widget-wrap elementor-element-populated\">\n\t\t\t\t\t\t<div class=\"elementor-element elementor-element-c8be17b elementor-hidden-desktop elementor-hidden-tablet elementor-widget elementor-widget-heading\" data-id=\"c8be17b\" data-element_type=\"widget\" data-widget_type=\"heading.default\">\n\t\t\t\t<div class=\"elementor-widget-container\">\n\t\t\t\t\t<span class=\"elementor-heading-title elementor-size-default\">Repte #3<\/span>\t\t\t\t<\/div>\n\t\t\t\t<\/div>\n\t\t\t\t<div class=\"elementor-element elementor-element-1fbd20f elementor-hidden-mobile elementor-widget elementor-widget-heading\" data-id=\"1fbd20f\" data-element_type=\"widget\" data-widget_type=\"heading.default\">\n\t\t\t\t<div class=\"elementor-widget-container\">\n\t\t\t\t\t<span class=\"elementor-heading-title elementor-size-default\">Repte<\/span>\t\t\t\t<\/div>\n\t\t\t\t<\/div>\n\t\t\t\t<div class=\"elementor-element elementor-element-82fad0d elementor-hidden-mobile elementor-widget elementor-widget-heading\" data-id=\"82fad0d\" data-element_type=\"widget\" data-widget_type=\"heading.default\">\n\t\t\t\t<div class=\"elementor-widget-container\">\n\t\t\t\t\t<span class=\"elementor-heading-title elementor-size-default\">#3<\/span>\t\t\t\t<\/div>\n\t\t\t\t<\/div>\n\t\t\t\t\t<\/div>\n\t\t<\/div>\n\t\t\t\t<div class=\"elementor-column elementor-col-50 elementor-top-column elementor-element elementor-element-dbfa9bf\" data-id=\"dbfa9bf\" data-element_type=\"column\">\n\t\t\t<div class=\"elementor-widget-wrap elementor-element-populated\">\n\t\t\t\t\t\t<div class=\"elementor-element elementor-element-97cabcb elementor-widget elementor-widget-heading\" data-id=\"97cabcb\" data-element_type=\"widget\" data-widget_type=\"heading.default\">\n\t\t\t\t<div class=\"elementor-widget-container\">\n\t\t\t\t\t<h1 class=\"elementor-heading-title elementor-size-default\">Contribuir a construir l&#8217;ecosistema de recursos oberts del projecte Aina per a ajudar a escalar, adaptar i fer m\u00e9s robusta la IA\/TL en catal\u00e0.<\/h1>\t\t\t\t<\/div>\n\t\t\t\t<\/div>\n\t\t\t\t<div class=\"elementor-element elementor-element-0169ff1 elementor-widget elementor-widget-heading\" data-id=\"0169ff1\" data-element_type=\"widget\" data-widget_type=\"heading.default\">\n\t\t\t\t<div class=\"elementor-widget-container\">\n\t\t\t\t\t<span class=\"elementor-heading-title elementor-size-default\">Dotaci\u00f3 econ\u00f2mica: 33.000 \u20ac per proposta acceptada.<br>\nNombre m\u00e0xim de concursants: 3<\/span>\t\t\t\t<\/div>\n\t\t\t\t<\/div>\n\t\t\t\t<div class=\"elementor-element elementor-element-2bd8d78 elementor-widget elementor-widget-text-editor\" data-id=\"2bd8d78\" data-element_type=\"widget\" data-widget_type=\"text-editor.default\">\n\t\t\t\t<div class=\"elementor-widget-container\">\n\t\t\t\t\t\t\t\t\t<p>Busquem idees per contribuir a construir l&#8217;ecosistema de recursos oberts d&#8217;Aina per ajudar a escalar, adaptar i fer m\u00e9s robusta la IA\/TL en catal\u00e0.<\/p>\n<p>Algunes idees que poden encaixar en aquest repte s\u00f3n:<\/p>\n<ul>\n<li>Adaptaci\u00f3 de models fundacionals d&#8217;Aina (gen\u00e8rics) a tasques o dominis espec\u00edfics, utilitzant dades propiet\u00e0ries o p\u00fabliques.<\/li>\n<li>Operativitzaci\u00f3 de models en entorns oberts: desenvolupament de recursos i\/o m\u00f2duls que permetin utilitzar el catal\u00e0 en aplicacions i marcs d&#8217;IA\/TL on el catal\u00e0 no est\u00e0 incl\u00f2s o est\u00e0 escassament cobert (per exemple: Mycroft, Rasa, SparkNLP, Spacy, etc.).<\/li>\n<li>Elaboraci\u00f3 d&#8217;instruccions per a l&#8217;alineament de models generatius a tasques concretes o sectors espec\u00edfics.<\/li>\n<li>Desenvolupaments i protocols que facilitin i garanteixin el subministrament continu de dades als corpus d&#8217;entrenament a Aina. Per exemple: eines de recollida i compartici\u00f3 de dades; eines i protocols associats que permetin l&#8217;\u00fas secundari de dades; implementaci\u00f3 de protocols i\/o APIs que permetin l&#8217;acc\u00e9s program\u00e0tic a dades d&#8217;inter\u00e8s (p\u00fabliques o privades) amb llic\u00e8ncies permissives, etc.<\/li>\n<\/ul>\n<p>Els productes resultants en aquest repte (siguin models adaptats a tasca o sector, codi font i integracions de sistemes que permetin l&#8217;operativitzaci\u00f3 de models en entorns oberts i\/o el subministrament continu de dades als corpus, o b\u00e9 conjunts de dades per a l&#8217;alineament de models generatius) un cop avaluats i documentats es publicaran en obert al repositori de refer\u00e8ncia del projecte Aina (Aina Kit). Tota proposta haur\u00e0 d&#8217;incloure tamb\u00e9 una prova de concepte o un petit demostrador del seu \u00fas.<\/p>\n<p>El repte no es limita a cap camp d&#8217;activitat espec\u00edfic, per\u00f2 es valorar\u00e0 positivament l&#8217;impacte social de les propostes.<\/p>\n<p>Es fomenta la creativitat i la innovaci\u00f3 en el disseny de solucions que millorin significativament l&#8217;ecosistema de recursos oberts d&#8217;Aina per ajudar a escalar, adaptar i fer m\u00e9s robusta la IA\/TL en catal\u00e0.<\/p>\t\t\t\t\t\t\t\t<\/div>\n\t\t\t\t<\/div>\n\t\t\t\t<div class=\"elementor-element elementor-element-b73fa97 elementor-widget elementor-widget-html\" data-id=\"b73fa97\" data-element_type=\"widget\" data-widget_type=\"html.default\">\n\t\t\t\t<div class=\"elementor-widget-container\">\n\t\t\t\t\t<table border=\"1\" cellpadding=\"6\" cellspacing=\"0\">\r\n  <thead>\r\n    <tr>\r\n      <th>T\u00edtol<\/th>\r\n      <th>Descripci\u00f3<\/th>\r\n      <th>Empresa<\/th>\r\n    <\/tr>\r\n  <\/thead>\r\n  <tbody>\r\n    <tr>\r\n      <td>IA4KIT_JurAIcat<\/td>\r\n      <td>Model de llenguatge especialitzat en el domini legal i administratiu<\/td>\r\n      <td>Asociaci\u00f3n para el desarrollo de la Ingenier\u00eda del Conocimiento<\/td>\r\n    <\/tr>\r\n    <tr>\r\n      <td>TraduIA i CompartIA Hospitalaria<\/td>\r\n      <td>Soluci\u00f3 per anonimitzar i compartir informaci\u00f3 cl\u00ednica en catal\u00e0<\/td>\r\n      <td>Fundaci\u00f3 Privada Hospital Asil de Granollers<\/td>\r\n    <\/tr>\r\n    <tr>\r\n      <td>Transcripci\u00f3, resum i etiquetat autom\u00e0tic de contingut audiovisual en catal\u00e0<\/td>\r\n      <td>Eina per generar i classificar continguts audiovisuals en catal\u00e0<\/td>\r\n      <td>Etiqmedia Soluciones Audiovisuales<\/td>\r\n    <\/tr>\r\n  <\/tbody>\r\n<\/table>\r\n\t\t\t\t<\/div>\n\t\t\t\t<\/div>\n\t\t\t\t<div class=\"elementor-element elementor-element-5ca3846 elementor-widget-divider--view-line elementor-widget elementor-widget-divider\" data-id=\"5ca3846\" data-element_type=\"widget\" data-widget_type=\"divider.default\">\n\t\t\t\t<div class=\"elementor-widget-container\">\n\t\t\t\t\t\t\t<div class=\"elementor-divider\">\n\t\t\t<span class=\"elementor-divider-separator\">\n\t\t\t\t\t\t<\/span>\n\t\t<\/div>\n\t\t\t\t\t\t<\/div>\n\t\t\t\t<\/div>\n\t\t\t\t<div class=\"elementor-element elementor-element-47a3519 elementor-widget elementor-widget-spacer\" data-id=\"47a3519\" data-element_type=\"widget\" data-widget_type=\"spacer.default\">\n\t\t\t\t<div class=\"elementor-widget-container\">\n\t\t\t\t\t\t\t<div class=\"elementor-spacer\">\n\t\t\t<div class=\"elementor-spacer-inner\"><\/div>\n\t\t<\/div>\n\t\t\t\t\t\t<\/div>\n\t\t\t\t<\/div>\n\t\t\t\t<section class=\"elementor-section elementor-inner-section elementor-element elementor-element-ff4c82d elementor-section-content-middle elementor-hidden-desktop elementor-hidden-tablet elementor-hidden-mobile elementor-section-boxed elementor-section-height-default elementor-section-height-default\" data-id=\"ff4c82d\" data-element_type=\"section\" data-settings=\"{&quot;background_background&quot;:&quot;classic&quot;}\">\n\t\t\t\t\t\t<div class=\"elementor-container elementor-column-gap-default\">\n\t\t\t\t\t<div class=\"elementor-column elementor-col-50 elementor-inner-column elementor-element elementor-element-0f676fd\" data-id=\"0f676fd\" data-element_type=\"column\">\n\t\t\t<div class=\"elementor-widget-wrap elementor-element-populated\">\n\t\t\t\t\t\t<div class=\"elementor-element elementor-element-4362e76 elementor-widget elementor-widget-heading\" data-id=\"4362e76\" data-element_type=\"widget\" data-widget_type=\"heading.default\">\n\t\t\t\t<div class=\"elementor-widget-container\">\n\t\t\t\t\t<h2 class=\"elementor-heading-title elementor-size-default\">\u00a1Convocatoria abierta!<\/h2>\t\t\t\t<\/div>\n\t\t\t\t<\/div>\n\t\t\t\t\t<\/div>\n\t\t<\/div>\n\t\t\t\t<div class=\"elementor-column elementor-col-50 elementor-inner-column elementor-element elementor-element-2b68450\" data-id=\"2b68450\" data-element_type=\"column\">\n\t\t\t<div class=\"elementor-widget-wrap elementor-element-populated\">\n\t\t\t\t\t\t\t<\/div>\n\t\t<\/div>\n\t\t\t\t\t<\/div>\n\t\t<\/section>\n\t\t\t\t\t<\/div>\n\t\t<\/div>\n\t\t\t\t\t<\/div>\n\t\t<\/section>\n\t\t\t\t<\/div>\n\t\t","protected":false},"excerpt":{"rendered":"<p>Repte #3 Repte #3 Dotaci\u00f3 econ\u00f2mica: 33.000 \u20ac per proposta acceptada. Nombre m\u00e0xim de concursants: 3 Busquem idees per contribuir a construir l&#8217;ecosistema de recursos oberts d&#8217;Aina per ajudar a escalar, adaptar i fer m\u00e9s robusta la IA\/TL en catal\u00e0. Algunes idees que poden encaixar en aquest repte s\u00f3n: Adaptaci\u00f3 de models fundacionals d&#8217;Aina (gen\u00e8rics) [&hellip;]<\/p>\n","protected":false},"author":2,"featured_media":0,"parent":0,"menu_order":0,"comment_status":"closed","ping_status":"closed","template":"","meta":{"footnotes":""},"class_list":["post-5454","page","type-page","status-publish","hentry"],"_links":{"self":[{"href":"https:\/\/ainachallenge.cat\/lab\/concurs\/wp-json\/wp\/v2\/pages\/5454","targetHints":{"allow":["GET"]}}],"collection":[{"href":"https:\/\/ainachallenge.cat\/lab\/concurs\/wp-json\/wp\/v2\/pages"}],"about":[{"href":"https:\/\/ainachallenge.cat\/lab\/concurs\/wp-json\/wp\/v2\/types\/page"}],"author":[{"embeddable":true,"href":"https:\/\/ainachallenge.cat\/lab\/concurs\/wp-json\/wp\/v2\/users\/2"}],"replies":[{"embeddable":true,"href":"https:\/\/ainachallenge.cat\/lab\/concurs\/wp-json\/wp\/v2\/comments?post=5454"}],"version-history":[{"count":40,"href":"https:\/\/ainachallenge.cat\/lab\/concurs\/wp-json\/wp\/v2\/pages\/5454\/revisions"}],"predecessor-version":[{"id":8260,"href":"https:\/\/ainachallenge.cat\/lab\/concurs\/wp-json\/wp\/v2\/pages\/5454\/revisions\/8260"}],"wp:attachment":[{"href":"https:\/\/ainachallenge.cat\/lab\/concurs\/wp-json\/wp\/v2\/media?parent=5454"}],"curies":[{"name":"wp","href":"https:\/\/api.w.org\/{rel}","templated":true}]}}